{"id":20027,"date":"2025-11-19T18:19:32","date_gmt":"2025-11-19T18:19:32","guid":{"rendered":"https:\/\/pactoparaoclima.portodigital.pt\/?page_id=20027"},"modified":"2026-01-27T22:12:59","modified_gmt":"2026-01-27T22:12:59","slug":"booklet_10_passos","status":"publish","type":"page","link":"https:\/\/pactoparaoclima.portodigital.pt\/?page_id=20027","title":{"rendered":"Booklet: 10 Passos"},"content":{"rendered":"\t\t<div data-elementor-type=\"wp-page\" data-elementor-id=\"20027\" class=\"elementor elementor-20027\" data-elementor-post-type=\"page\">\n\t\t\t\t\t\t<section class=\"elementor-section elementor-top-section elementor-element elementor-element-fc6643a elementor-section-full_width elementor-section-height-default elementor-section-height-default\" data-id=\"fc6643a\" data-element_type=\"section\" data-settings=\"{&quot;background_background&quot;:&quot;classic&quot;}\">\n\t\t\t\t\t\t\t<div class=\"elementor-background-overlay\"><\/div>\n\t\t\t\t\t\t\t<div class=\"elementor-container elementor-column-gap-default\">\n\t\t\t\t\t<div class=\"elementor-column elementor-col-100 elementor-top-column elementor-element elementor-element-60f602c\" data-id=\"60f602c\" data-element_type=\"column\">\n\t\t\t<div class=\"elementor-widget-wrap elementor-element-populated\">\n\t\t\t\t\t\t<section class=\"elementor-section elementor-inner-section elementor-element elementor-element-b986b64 elementor-section-boxed elementor-section-height-default elementor-section-height-default\" data-id=\"b986b64\" data-element_type=\"section\">\n\t\t\t\t\t\t<div class=\"elementor-container elementor-column-gap-default\">\n\t\t\t\t\t<div class=\"elementor-column elementor-col-50 elementor-inner-column elementor-element elementor-element-0e7ce5a\" data-id=\"0e7ce5a\" data-element_type=\"column\">\n\t\t\t<div class=\"elementor-widget-wrap elementor-element-populated\">\n\t\t\t\t\t\t<div class=\"elementor-element elementor-element-d20096c elementor-widget elementor-widget-image\" data-id=\"d20096c\" data-element_type=\"widget\" data-widget_type=\"image.default\">\n\t\t\t\t<div class=\"elementor-widget-container\">\n\t\t\t\t\t\t\t\t\t\t\t\t\t\t\t\t<a href=\"https:\/\/pactoparaoclima.portodigital.pt\">\n\t\t\t\t\t\t\t<img fetchpriority=\"high\" decoding=\"async\" width=\"565\" height=\"154\" src=\"https:\/\/pactoparaoclima.portodigital.pt\/wp-content\/uploads\/2022\/01\/Porto.png\" class=\"attachment-full size-full wp-image-11\" alt=\"\" srcset=\"https:\/\/pactoparaoclima.portodigital.pt\/wp-content\/uploads\/2022\/01\/Porto.png 565w, https:\/\/pactoparaoclima.portodigital.pt\/wp-content\/uploads\/2022\/01\/Porto-300x82.png 300w\" sizes=\"(max-width: 565px) 100vw, 565px\" \/>\t\t\t\t\t\t\t\t<\/a>\n\t\t\t\t\t\t\t\t\t\t\t\t\t\t\t<\/div>\n\t\t\t\t<\/div>\n\t\t\t\t\t<\/div>\n\t\t<\/div>\n\t\t\t\t<div class=\"elementor-column elementor-col-50 elementor-inner-column elementor-element elementor-element-5814b70\" data-id=\"5814b70\" data-element_type=\"column\">\n\t\t\t<div class=\"elementor-widget-wrap elementor-element-populated\">\n\t\t\t\t\t\t<div class=\"elementor-element elementor-element-2c01714 elementor-nav-menu__align-end elementor-nav-menu--dropdown-tablet elementor-nav-menu__text-align-aside elementor-nav-menu--toggle elementor-nav-menu--burger elementor-widget elementor-widget-nav-menu\" data-id=\"2c01714\" data-element_type=\"widget\" data-settings=\"{&quot;layout&quot;:&quot;horizontal&quot;,&quot;submenu_icon&quot;:{&quot;value&quot;:&quot;&lt;i class=\\&quot;fas fa-caret-down\\&quot; aria-hidden=\\&quot;true\\&quot;&gt;&lt;\\\/i&gt;&quot;,&quot;library&quot;:&quot;fa-solid&quot;},&quot;toggle&quot;:&quot;burger&quot;}\" data-widget_type=\"nav-menu.default\">\n\t\t\t\t<div class=\"elementor-widget-container\">\n\t\t\t\t\t\t\t\t<nav aria-label=\"Menu\" class=\"elementor-nav-menu--main elementor-nav-menu__container elementor-nav-menu--layout-horizontal e--pointer-underline e--animation-fade\">\n\t\t\t\t<ul id=\"menu-1-2c01714\" class=\"elementor-nav-menu\"><li class=\"menu-item menu-item-type-custom menu-item-object-custom menu-item-643\"><a href=\"https:\/\/pactoparaoclima.portodigital.pt\/?page_id=5708\" class=\"elementor-item\">Pacto<\/a><\/li>\n<li class=\"menu-item menu-item-type-custom menu-item-object-custom menu-item-35\"><a href=\"https:\/\/pactoparaoclima.portodigital.pt\/?page_id=5894\" class=\"elementor-item\">Subscritores<\/a><\/li>\n<li class=\"menu-item menu-item-type-custom menu-item-object-custom menu-item-38\"><a href=\"https:\/\/pactoparaoclima.portodigital.pt\/?page_id=5620\" class=\"elementor-item\">Not\u00edcias<\/a><\/li>\n<li class=\"menu-item menu-item-type-custom menu-item-object-custom menu-item-has-children menu-item-20023\"><a href=\"#\" class=\"elementor-item elementor-item-anchor\">Iniciativas<\/a>\n<ul class=\"sub-menu elementor-nav-menu--dropdown\">\n\t<li class=\"menu-item menu-item-type-post_type menu-item-object-page menu-item-16322\"><a href=\"https:\/\/pactoparaoclima.portodigital.pt\/?page_id=16177\" class=\"elementor-sub-item\">Nas nossas m\u00e3os<\/a><\/li>\n\t<li class=\"menu-item menu-item-type-post_type menu-item-object-page menu-item-12226\"><a href=\"https:\/\/pactoparaoclima.portodigital.pt\/?page_id=12087\" class=\"elementor-sub-item\">Ciclo conversas<\/a><\/li>\n\t<li class=\"menu-item menu-item-type-post_type menu-item-object-page menu-item-16556\"><a href=\"https:\/\/pactoparaoclima.portodigital.pt\/?page_id=16550\" class=\"elementor-sub-item\">Roteiros com ImPacto<\/a><\/li>\n\t<li class=\"menu-item menu-item-type-post_type menu-item-object-page menu-item-20470\"><a href=\"https:\/\/pactoparaoclima.portodigital.pt\/?page_id=20439\" class=\"elementor-sub-item\">Projetos<\/a><\/li>\n<\/ul>\n<\/li>\n<li class=\"menu-item menu-item-type-custom menu-item-object-custom menu-item-has-children menu-item-20024\"><a href=\"#\" class=\"elementor-item elementor-item-anchor\">Recursos<\/a>\n<ul class=\"sub-menu elementor-nav-menu--dropdown\">\n\t<li class=\"menu-item menu-item-type-post_type menu-item-object-page menu-item-20207\"><a href=\"https:\/\/pactoparaoclima.portodigital.pt\/?page_id=20027\" class=\"elementor-sub-item\">Booklet: 10 Passos rumo a uma Cidade Neutra em Carbono<\/a><\/li>\n\t<li class=\"menu-item menu-item-type-post_type menu-item-object-page menu-item-20431\"><a href=\"https:\/\/pactoparaoclima.portodigital.pt\/?page_id=20253\" class=\"elementor-sub-item\">PMAC<\/a><\/li>\n<\/ul>\n<\/li>\n<li class=\"menu-item menu-item-type-custom menu-item-object-custom menu-item-5576\"><a href=\"https:\/\/pactoparaoclima.portodigital.pt\/?page_id=5850\" class=\"elementor-item\">EN<\/a><\/li>\n<\/ul>\t\t\t<\/nav>\n\t\t\t\t\t<div class=\"elementor-menu-toggle\" role=\"button\" tabindex=\"0\" aria-label=\"Menu Toggle\" aria-expanded=\"false\">\n\t\t\t<i aria-hidden=\"true\" role=\"presentation\" class=\"elementor-menu-toggle__icon--open eicon-menu-bar\"><\/i><i aria-hidden=\"true\" role=\"presentation\" class=\"elementor-menu-toggle__icon--close eicon-close\"><\/i>\t\t<\/div>\n\t\t\t\t\t<nav class=\"elementor-nav-menu--dropdown elementor-nav-menu__container\" aria-hidden=\"true\">\n\t\t\t\t<ul id=\"menu-2-2c01714\" class=\"elementor-nav-menu\"><li class=\"menu-item menu-item-type-custom menu-item-object-custom menu-item-643\"><a href=\"https:\/\/pactoparaoclima.portodigital.pt\/?page_id=5708\" class=\"elementor-item\" tabindex=\"-1\">Pacto<\/a><\/li>\n<li class=\"menu-item menu-item-type-custom menu-item-object-custom menu-item-35\"><a href=\"https:\/\/pactoparaoclima.portodigital.pt\/?page_id=5894\" class=\"elementor-item\" tabindex=\"-1\">Subscritores<\/a><\/li>\n<li class=\"menu-item menu-item-type-custom menu-item-object-custom menu-item-38\"><a href=\"https:\/\/pactoparaoclima.portodigital.pt\/?page_id=5620\" class=\"elementor-item\" tabindex=\"-1\">Not\u00edcias<\/a><\/li>\n<li class=\"menu-item menu-item-type-custom menu-item-object-custom menu-item-has-children menu-item-20023\"><a href=\"#\" class=\"elementor-item elementor-item-anchor\" tabindex=\"-1\">Iniciativas<\/a>\n<ul class=\"sub-menu elementor-nav-menu--dropdown\">\n\t<li class=\"menu-item menu-item-type-post_type menu-item-object-page menu-item-16322\"><a href=\"https:\/\/pactoparaoclima.portodigital.pt\/?page_id=16177\" class=\"elementor-sub-item\" tabindex=\"-1\">Nas nossas m\u00e3os<\/a><\/li>\n\t<li class=\"menu-item menu-item-type-post_type menu-item-object-page menu-item-12226\"><a href=\"https:\/\/pactoparaoclima.portodigital.pt\/?page_id=12087\" class=\"elementor-sub-item\" tabindex=\"-1\">Ciclo conversas<\/a><\/li>\n\t<li class=\"menu-item menu-item-type-post_type menu-item-object-page menu-item-16556\"><a href=\"https:\/\/pactoparaoclima.portodigital.pt\/?page_id=16550\" class=\"elementor-sub-item\" tabindex=\"-1\">Roteiros com ImPacto<\/a><\/li>\n\t<li class=\"menu-item menu-item-type-post_type menu-item-object-page menu-item-20470\"><a href=\"https:\/\/pactoparaoclima.portodigital.pt\/?page_id=20439\" class=\"elementor-sub-item\" tabindex=\"-1\">Projetos<\/a><\/li>\n<\/ul>\n<\/li>\n<li class=\"menu-item menu-item-type-custom menu-item-object-custom menu-item-has-children menu-item-20024\"><a href=\"#\" class=\"elementor-item elementor-item-anchor\" tabindex=\"-1\">Recursos<\/a>\n<ul class=\"sub-menu elementor-nav-menu--dropdown\">\n\t<li class=\"menu-item menu-item-type-post_type menu-item-object-page menu-item-20207\"><a href=\"https:\/\/pactoparaoclima.portodigital.pt\/?page_id=20027\" class=\"elementor-sub-item\" tabindex=\"-1\">Booklet: 10 Passos rumo a uma Cidade Neutra em Carbono<\/a><\/li>\n\t<li class=\"menu-item menu-item-type-post_type menu-item-object-page menu-item-20431\"><a href=\"https:\/\/pactoparaoclima.portodigital.pt\/?page_id=20253\" class=\"elementor-sub-item\" tabindex=\"-1\">PMAC<\/a><\/li>\n<\/ul>\n<\/li>\n<li class=\"menu-item menu-item-type-custom menu-item-object-custom menu-item-5576\"><a href=\"https:\/\/pactoparaoclima.portodigital.pt\/?page_id=5850\" class=\"elementor-item\" tabindex=\"-1\">EN<\/a><\/li>\n<\/ul>\t\t\t<\/nav>\n\t\t\t\t\t\t<\/div>\n\t\t\t\t<\/div>\n\t\t\t\t\t<\/div>\n\t\t<\/div>\n\t\t\t\t\t<\/div>\n\t\t<\/section>\n\t\t\t\t\t<\/div>\n\t\t<\/div>\n\t\t\t\t\t<\/div>\n\t\t<\/section>\n\t\t\t\t<section class=\"elementor-section elementor-top-section elementor-element elementor-element-df05dce elementor-section-boxed elementor-section-height-default elementor-section-height-default\" data-id=\"df05dce\" data-element_type=\"section\">\n\t\t\t\t\t\t<div class=\"elementor-container elementor-column-gap-default\">\n\t\t\t\t\t<div class=\"elementor-column elementor-col-100 elementor-top-column elementor-element elementor-element-28c074e\" data-id=\"28c074e\" data-element_type=\"column\">\n\t\t\t<div class=\"elementor-widget-wrap elementor-element-populated\">\n\t\t\t\t\t\t<div class=\"elementor-element elementor-element-1905686 elementor-widget elementor-widget-spacer\" data-id=\"1905686\" data-element_type=\"widget\" data-widget_type=\"spacer.default\">\n\t\t\t\t<div class=\"elementor-widget-container\">\n\t\t\t\t\t\t\t<div class=\"elementor-spacer\">\n\t\t\t<div class=\"elementor-spacer-inner\"><\/div>\n\t\t<\/div>\n\t\t\t\t\t\t<\/div>\n\t\t\t\t<\/div>\n\t\t\t\t<div class=\"elementor-element elementor-element-9ab6b63 elementor-widget elementor-widget-heading\" data-id=\"9ab6b63\" data-element_type=\"widget\" data-widget_type=\"heading.default\">\n\t\t\t\t<div class=\"elementor-widget-container\">\n\t\t\t\t\t<h2 class=\"elementor-heading-title elementor-size-default\">Booklet: 10 Passos rumo a uma Cidade Neutra em Carbono<\/h2>\t\t\t\t<\/div>\n\t\t\t\t<\/div>\n\t\t\t\t<div class=\"elementor-element elementor-element-28c2b1e elementor-widget-divider--view-line elementor-widget elementor-widget-divider\" data-id=\"28c2b1e\" data-element_type=\"widget\" data-widget_type=\"divider.default\">\n\t\t\t\t<div class=\"elementor-widget-container\">\n\t\t\t\t\t\t\t<div class=\"elementor-divider\">\n\t\t\t<span class=\"elementor-divider-separator\">\n\t\t\t\t\t\t<\/span>\n\t\t<\/div>\n\t\t\t\t\t\t<\/div>\n\t\t\t\t<\/div>\n\t\t\t\t<div class=\"elementor-element elementor-element-e5523a8 elementor-widget elementor-widget-text-editor\" data-id=\"e5523a8\" data-element_type=\"widget\" data-widget_type=\"text-editor.default\">\n\t\t\t\t<div class=\"elementor-widget-container\">\n\t\t\t\t\t\t\t\t\t<p data-start=\"141\" data-end=\"584\">Numa \u00e9poca em que as cidades desempenham um papel fundamental no combate \u00e0s altera\u00e7\u00f5es clim\u00e1ticas, o Contrato Clim\u00e1tico do Porto representa um enquadramento inovador que traduz a ambi\u00e7\u00e3o da cidade em a\u00e7\u00e3o. Este contrato define a abordagem estrat\u00e9gica do Porto para alcan\u00e7ar a neutralidade carb\u00f3nica at\u00e9 2030, identificando os parceiros, as pol\u00edticas, os frameworks de atua\u00e7\u00e3o e as iniciativas que est\u00e3o a moldar o futuro sustent\u00e1vel da cidade.<\/p><p data-start=\"586\" data-end=\"1006\">Assente nos contextos europeu, nacional e local, o contrato destaca a interliga\u00e7\u00e3o entre governa\u00e7\u00e3o, inova\u00e7\u00e3o e responsabilidade coletiva na resposta aos desafios clim\u00e1ticos. Explica o modelo de governa\u00e7\u00e3o baseado na lideran\u00e7a, sublinha a import\u00e2ncia da colabora\u00e7\u00e3o entre m\u00faltiplos intervenientes e enfatiza o papel do Pacto do Porto para o Clima na mobiliza\u00e7\u00e3o de organiza\u00e7\u00f5es, empresas e cidad\u00e3os para uma vis\u00e3o comum.<\/p><p data-start=\"1008\" data-end=\"1677\">Desde o desenvolvimento de um portef\u00f3lio s\u00f3lido de a\u00e7\u00f5es clim\u00e1ticas at\u00e9 \u00e0 cria\u00e7\u00e3o de estrat\u00e9gias inovadoras de financiamento, solu\u00e7\u00f5es de cidade inteligente e iniciativas comunit\u00e1rias, este livro apresenta os passos essenciais que qualquer cidade pode seguir \u2014 tal como o Porto j\u00e1 est\u00e1 a fazer \u2014 para concretizar a sua ambi\u00e7\u00e3o clim\u00e1tica e reduzir as emiss\u00f5es de carbono. Aborda, ainda, o programa Miss\u00e3o Cidades, que coloca o Porto entre as cidades europeias na vanguarda da sustentabilidade e da neutralidade clim\u00e1tica, e detalha como a monitoriza\u00e7\u00e3o do progresso, a avalia\u00e7\u00e3o dos resultados e a adapta\u00e7\u00e3o das estrat\u00e9gias garantir\u00e3o um sucesso duradouro para a cidade.<\/p><p data-start=\"1679\" data-end=\"2080\">Para al\u00e9m de servir como um roteiro estrat\u00e9gico baseado num caso concreto, este livro oferece perspetivas valiosas sobre pol\u00edticas p\u00fablicas, transforma\u00e7\u00e3o urbana e resili\u00eancia clim\u00e1tica para cidades em todo o mundo. Trata-se de um guia essencial para decisores pol\u00edticos, urbanistas, l\u00edderes em sustentabilidade e cidad\u00e3os empenhados em compreender como a a\u00e7\u00e3o local pode impulsionar a mudan\u00e7a global.<\/p><p data-start=\"2082\" data-end=\"2385\">Com uma abordagem estrat\u00e9gica, mas ao mesmo tempo pr\u00e1tica, o Contrato Clim\u00e1tico do Porto \u00e9 um testemunho do poder das cidades na constru\u00e7\u00e3o de um futuro sustent\u00e1vel \u2013 demonstrando que a neutralidade clim\u00e1tica n\u00e3o \u00e9 apenas uma aspira\u00e7\u00e3o, mas uma meta alcan\u00e7\u00e1vel atrav\u00e9s do esfor\u00e7o coletivo e da inova\u00e7\u00e3o.<\/p>\t\t\t\t\t\t\t\t<\/div>\n\t\t\t\t<\/div>\n\t\t\t\t<div class=\"elementor-element elementor-element-f8e3979 elementor-align-center elementor-widget elementor-widget-button\" data-id=\"f8e3979\" data-element_type=\"widget\" data-widget_type=\"button.default\">\n\t\t\t\t<div class=\"elementor-widget-container\">\n\t\t\t\t\t\t\t\t\t<div class=\"elementor-button-wrapper\">\n\t\t\t\t\t<a class=\"elementor-button elementor-button-link elementor-size-sm\" href=\"https:\/\/pactoparaoclima.portodigital.pt\/wp-content\/uploads\/2025\/11\/Booklet_com_capa.pdf\" target=\"_blank\">\n\t\t\t\t\t\t<span class=\"elementor-button-content-wrapper\">\n\t\t\t\t\t\t\t\t\t<span class=\"elementor-button-text\">Descarregar Booklet<\/span>\n\t\t\t\t\t<\/span>\n\t\t\t\t\t<\/a>\n\t\t\t\t<\/div>\n\t\t\t\t\t\t\t\t<\/div>\n\t\t\t\t<\/div>\n\t\t\t\t<div class=\"elementor-element elementor-element-e0d4667 elementor-widget-divider--view-line elementor-widget elementor-widget-divider\" data-id=\"e0d4667\" data-element_type=\"widget\" data-widget_type=\"divider.default\">\n\t\t\t\t<div class=\"elementor-widget-container\">\n\t\t\t\t\t\t\t<div class=\"elementor-divider\">\n\t\t\t<span class=\"elementor-divider-separator\">\n\t\t\t\t\t\t<\/span>\n\t\t<\/div>\n\t\t\t\t\t\t<\/div>\n\t\t\t\t<\/div>\n\t\t\t\t\t<\/div>\n\t\t<\/div>\n\t\t\t\t\t<\/div>\n\t\t<\/section>\n\t\t\t\t<section class=\"elementor-section elementor-top-section elementor-element elementor-element-6019115 elementor-section-boxed elementor-section-height-default elementor-section-height-default\" data-id=\"6019115\" data-element_type=\"section\">\n\t\t\t\t\t\t<div class=\"elementor-container elementor-column-gap-default\">\n\t\t\t\t\t<div class=\"elementor-column elementor-col-100 elementor-top-column elementor-element elementor-element-b799160\" data-id=\"b799160\" data-element_type=\"column\">\n\t\t\t<div class=\"elementor-widget-wrap elementor-element-populated\">\n\t\t\t\t\t\t<div class=\"elementor-element elementor-element-cf262b4 elementor-widget elementor-widget-image\" data-id=\"cf262b4\" data-element_type=\"widget\" data-widget_type=\"image.default\">\n\t\t\t\t<div class=\"elementor-widget-container\">\n\t\t\t\t\t\t\t\t\t\t\t\t\t\t\t<img decoding=\"async\" width=\"768\" height=\"849\" src=\"https:\/\/pactoparaoclima.portodigital.pt\/wp-content\/uploads\/2025\/11\/WhatsApp-Image-2025-11-21-at-10.09.14-1_recorte-768x849.jpeg\" class=\"attachment-medium_large size-medium_large wp-image-20049\" alt=\"\" srcset=\"https:\/\/pactoparaoclima.portodigital.pt\/wp-content\/uploads\/2025\/11\/WhatsApp-Image-2025-11-21-at-10.09.14-1_recorte-768x849.jpeg 768w, https:\/\/pactoparaoclima.portodigital.pt\/wp-content\/uploads\/2025\/11\/WhatsApp-Image-2025-11-21-at-10.09.14-1_recorte-271x300.jpeg 271w, https:\/\/pactoparaoclima.portodigital.pt\/wp-content\/uploads\/2025\/11\/WhatsApp-Image-2025-11-21-at-10.09.14-1_recorte-927x1024.jpeg 927w, https:\/\/pactoparaoclima.portodigital.pt\/wp-content\/uploads\/2025\/11\/WhatsApp-Image-2025-11-21-at-10.09.14-1_recorte.jpeg 1171w\" sizes=\"(max-width: 768px) 100vw, 768px\" \/>\t\t\t\t\t\t\t\t\t\t\t\t\t\t\t<\/div>\n\t\t\t\t<\/div>\n\t\t\t\t\t<\/div>\n\t\t<\/div>\n\t\t\t\t\t<\/div>\n\t\t<\/section>\n\t\t\t\t<\/div>\n\t\t","protected":false},"excerpt":{"rendered":"<p>Booklet: 10 Passos rumo a uma Cidade Neutra em Carbono Numa \u00e9poca em que as cidades desempenham um papel fundamental no combate \u00e0s altera\u00e7\u00f5es clim\u00e1ticas, o Contrato Clim\u00e1tico do Porto representa um enquadramento inovador que traduz a ambi\u00e7\u00e3o da cidade em a\u00e7\u00e3o. Este contrato define a abordagem estrat\u00e9gica do Porto para alcan\u00e7ar a neutralidade carb\u00f3nica&hellip;&nbsp;<a href=\"https:\/\/pactoparaoclima.portodigital.pt\/?page_id=20027\" rel=\"bookmark\">Read More &raquo;<span class=\"screen-reader-text\">Booklet: 10 Passos<\/span><\/a><\/p>\n","protected":false},"author":1,"featured_media":0,"parent":0,"menu_order":0,"comment_status":"closed","ping_status":"closed","template":"page-templates\/template-pagebuilder-full-width.php","meta":{"neve_meta_sidebar":"","neve_meta_container":"","neve_meta_enable_content_width":"","neve_meta_content_width":0,"neve_meta_title_alignment":"","neve_meta_author_avatar":"","neve_post_elements_order":"","neve_meta_disable_header":"on","neve_meta_disable_footer":"","neve_meta_disable_title":"","footnotes":""},"class_list":["post-20027","page","type-page","status-publish","hentry"],"_links":{"self":[{"href":"https:\/\/pactoparaoclima.portodigital.pt\/index.php?rest_route=\/wp\/v2\/pages\/20027","targetHints":{"allow":["GET"]}}],"collection":[{"href":"https:\/\/pactoparaoclima.portodigital.pt\/index.php?rest_route=\/wp\/v2\/pages"}],"about":[{"href":"https:\/\/pactoparaoclima.portodigital.pt\/index.php?rest_route=\/wp\/v2\/types\/page"}],"author":[{"embeddable":true,"href":"https:\/\/pactoparaoclima.portodigital.pt\/index.php?rest_route=\/wp\/v2\/users\/1"}],"replies":[{"embeddable":true,"href":"https:\/\/pactoparaoclima.portodigital.pt\/index.php?rest_route=%2Fwp%2Fv2%2Fcomments&post=20027"}],"version-history":[{"count":25,"href":"https:\/\/pactoparaoclima.portodigital.pt\/index.php?rest_route=\/wp\/v2\/pages\/20027\/revisions"}],"predecessor-version":[{"id":20426,"href":"https:\/\/pactoparaoclima.portodigital.pt\/index.php?rest_route=\/wp\/v2\/pages\/20027\/revisions\/20426"}],"wp:attachment":[{"href":"https:\/\/pactoparaoclima.portodigital.pt\/index.php?rest_route=%2Fwp%2Fv2%2Fmedia&parent=20027"}],"curies":[{"name":"wp","href":"https:\/\/api.w.org\/{rel}","templated":true}]}}